{"id":7332,"date":"2023-03-17T16:56:40","date_gmt":"2023-03-17T14:56:40","guid":{"rendered":"https:\/\/sandbox13.linksoftware.eu\/?page_id=7332"},"modified":"2023-03-17T16:59:29","modified_gmt":"2023-03-17T14:59:29","slug":"le-citizenfund-recrute","status":"publish","type":"page","link":"https:\/\/members.citizenfund.coop\/en\/le-citizenfund-recrute\/","title":{"rendered":"Le Citizenfund recrute"},"content":{"rendered":"<p style=\"text-align: center;\"><strong>OFFRE D\u2019EMPLOI<br \/>\nCOORDINATION &amp; GESTION DE PROJET<\/strong><\/p>\n<p>Le Citizenfund est une coop\u00e9rative citoyenne d\u2019investissement qui met la finance au service de la transition. Nous finan\u00e7ons d\u2019ambitieux projets entrepreneuriaux \u00e0 impact social et environnemental \u00e0 l\u2019aide d\u2019\u00e9pargne priv\u00e9e.<\/p>\n<p>&nbsp;<\/p>\n<p><strong><u>Infos pratiques<\/u><\/strong><\/p>\n<p>Fonction : coordinateur\u00b7rice de projet<\/p>\n<p>Type de contrat : CDI<\/p>\n<p>D\u00e9marrage : imm\u00e9diat<\/p>\n<p>Dur\u00e9e du temps de travail : mi-temps (temps plein modulable)<\/p>\n<p>Lieu de travail\u00a0: Watermael-Boitsfort (Bruxelles)<\/p>\n<p>&nbsp;<\/p>\n<p><strong><u>Mission<\/u><\/strong><\/p>\n<p>Vous assurez la croissance et le d\u00e9veloppement de Citizenfund, et r\u00e9aliserez notamment\u00a0:<\/p>\n<ul>\n<li>Le d\u00e9marchage de nouveaux coop\u00e9rateurs (appel public \u00e0 l\u2019\u00e9pargne), particuliers et soci\u00e9t\u00e9s<\/li>\n<li>Le suivi administratif des coop\u00e9rateurs<\/li>\n<li>La gestion des dossiers de financement (analyse des dossiers de pr\u00e9sentation et des plans de financement, r\u00e9unions, investissements)<\/li>\n<li>La gestion de la gouvernance de Citizenfund (organisation de comit\u00e9s, d\u2019\u00e9v\u00e9nements promotionnels, de campagne de vote, de l\u2019\u00e9valuation de la coop\u00e9rative, \u2026)<\/li>\n<li>La r\u00e9daction de documents divers (notes d\u2019investissement, notes d\u2019information, convention de pr\u00eats, &#8230;)<\/li>\n<li>La gestion de la plateforme web (WordPress)\u00a0: communication, publication de documents &amp; mises \u00e0 jour<\/li>\n<li>L\u2019analyse de partenariats potentiels et le d\u00e9veloppement de l\u2019\u00e9cosyst\u00e8me existant.<\/li>\n<\/ul>\n<p><strong><u><br \/>\n<\/u><\/strong><strong><u>Profil<\/u><\/strong><\/p>\n<p>Autonome, d\u00e9brouillard\u00b7e et organis\u00e9\u00b7e<\/p>\n<p>Esprit d\u2019initiative et proactivit\u00e9<\/p>\n<p>Francophone ou n\u00e9erlandophone, avec une bonne connaissance de l\u2019autre langue (l\u2019anglais est un plus)<\/p>\n<p>Min. 2 ans d\u2019exp\u00e9rience en coordination ou gestion de projet<\/p>\n<p>Aisance avec les outils de communication, r\u00e9seaux sociaux et WordPress<\/p>\n<p>Capacit\u00e9s relationnelles et de communication<\/p>\n<p>&nbsp;<\/p>\n<p><u><\/u><strong><u>Offre<\/u><\/strong><\/p>\n<p>Un emploi, \u00e0 mi temps, au service de l\u2019action citoyenne, de la finance participative et de l\u2019\u00e9conomie de demain (circulaire et collaborative)<\/p>\n<p>Un horaire de travail flexible<\/p>\n<p>Une responsabilit\u00e9 dans le d\u00e9veloppement du Citizenfund<\/p>\n<p>Une grande autonomie et libert\u00e9 dans le travail \u00e0 accomplir<\/p>\n<p>Possibilit\u00e9 de moduler l\u2019emploi en un temps-plein<\/p>\n<p><strong><br \/>\n<\/strong><strong>Int\u00e9ress\u00e9\u00b7e\u00a0?<\/strong><\/p>\n<p><strong>Envoyez votre CV &amp; lettre de motivation \u00e0 <\/strong><a href=\"mailto:info@citizenfund.coop\"><strong>info@citizenfund.coop<\/strong><\/a><\/p>\n<p><a href=\"https:\/\/sandbox13.linksoftware.eu\/wp-content\/uploads\/2023\/03\/Offre-demploi-2023.pdf\" target=\"_blank\" rel=\"noopener\">Offre d&#8217;emploi en pdf.<\/a><\/p>\n","protected":false},"excerpt":{"rendered":"<p>OFFRE D\u2019EMPLOI COORDINATION &amp; GESTION DE PROJET Le Citizenfund est une coop\u00e9rative citoyenne d\u2019investissement qui met la finance au service de la transition. Nous finan\u00e7ons d\u2019ambitieux projets entrepreneuriaux \u00e0 impact social et environnemental \u00e0 l\u2019aide d\u2019\u00e9pargne priv\u00e9e. &nbsp; Infos pratiques Fonction : coordinateur\u00b7rice de projet Type de contrat : CDI D\u00e9marrage : imm\u00e9diat Dur\u00e9e du temps de travail : mi-temps (temps plein modulable) Lieu de travail\u00a0: Watermael-Boitsfort (Bruxelles) &nbsp; Mission Vous assurez la croissance et le d\u00e9veloppement de Citizenfund, et r\u00e9aliserez notamment\u00a0: Le d\u00e9marchage de nouveaux coop\u00e9rateurs (appel public \u00e0 l\u2019\u00e9pargne), particuliers et soci\u00e9t\u00e9s Le suivi administratif des coop\u00e9rateurs La gestion des dossiers de financement (analyse des dossiers de pr\u00e9sentation et des plans de financement, r\u00e9unions, investissements) La gestion de la gouvernance de Citizenfund (organisation de comit\u00e9s, d\u2019\u00e9v\u00e9nements promotionnels, de campagne de vote, de l\u2019\u00e9valuation de la coop\u00e9rative, \u2026) La r\u00e9daction de documents divers (notes d\u2019investissement, notes d\u2019information, convention de pr\u00eats, &#8230;) La gestion de la plateforme web (WordPress)\u00a0: communication, publication de documents &amp; mises \u00e0 jour L\u2019analyse de partenariats potentiels et le d\u00e9veloppement de l\u2019\u00e9cosyst\u00e8me existant. Profil Autonome, d\u00e9brouillard\u00b7e et organis\u00e9\u00b7e Esprit d\u2019initiative et proactivit\u00e9 Francophone ou n\u00e9erlandophone, avec une bonne connaissance de l\u2019autre langue (l\u2019anglais est un plus) Min. 2 ans d\u2019exp\u00e9rience en coordination ou gestion de projet Aisance avec les outils de communication, r\u00e9seaux sociaux et WordPress Capacit\u00e9s relationnelles et de communication &nbsp; Offre Un emploi, \u00e0 mi temps, au service de l\u2019action citoyenne, de la finance participative et de l\u2019\u00e9conomie de demain (circulaire et collaborative) Un horaire de travail flexible Une responsabilit\u00e9 dans le d\u00e9veloppement du Citizenfund Une grande autonomie et libert\u00e9 dans le travail \u00e0 accomplir Possibilit\u00e9 de moduler l\u2019emploi en un temps-plein Int\u00e9ress\u00e9\u00b7e\u00a0? Envoyez votre CV &amp; lettre de motivation \u00e0 info@citizenfund.coop Offre d&#8217;emploi en pdf.<\/p>\n","protected":false},"author":977,"featured_media":0,"parent":0,"menu_order":0,"comment_status":"closed","ping_status":"closed","template":"","meta":{"inline_featured_image":false,"footnotes":""},"yoast_head":"<!-- This site is optimized with the Yoast SEO plugin v22.6 - https:\/\/yoast.com\/wordpress\/plugins\/seo\/ -->\n<title>Le Citizenfund recrute &#8211; Citizenfund<\/title>\n<meta name=\"robots\" content=\"index, follow, max-snippet:-1, max-image-preview:large, max-video-preview:-1\" \/>\n<link rel=\"canonical\" href=\"https:\/\/members.citizenfund.coop\/le-citizenfund-recrute\/\" \/>\n<meta property=\"og:locale\" content=\"en_US\" \/>\n<meta property=\"og:type\" content=\"article\" \/>\n<meta property=\"og:title\" content=\"Le Citizenfund recrute &#8211; Citizenfund\" \/>\n<meta property=\"og:description\" content=\"OFFRE D\u2019EMPLOI COORDINATION &amp; GESTION DE PROJET Le Citizenfund est une coop\u00e9rative citoyenne d\u2019investissement qui met la finance au service de la transition. Nous finan\u00e7ons d\u2019ambitieux projets entrepreneuriaux \u00e0 impact social et environnemental \u00e0 l\u2019aide d\u2019\u00e9pargne priv\u00e9e. &nbsp; Infos pratiques Fonction : coordinateur\u00b7rice de projet Type de contrat : CDI D\u00e9marrage : imm\u00e9diat Dur\u00e9e du temps de travail : mi-temps (temps plein modulable) Lieu de travail\u00a0: Watermael-Boitsfort (Bruxelles) &nbsp; Mission Vous assurez la croissance et le d\u00e9veloppement de Citizenfund, et r\u00e9aliserez notamment\u00a0: Le d\u00e9marchage de nouveaux coop\u00e9rateurs (appel public \u00e0 l\u2019\u00e9pargne), particuliers et soci\u00e9t\u00e9s Le suivi administratif des coop\u00e9rateurs La gestion des dossiers de financement (analyse des dossiers de pr\u00e9sentation et des plans de financement, r\u00e9unions, investissements) La gestion de la gouvernance de Citizenfund (organisation de comit\u00e9s, d\u2019\u00e9v\u00e9nements promotionnels, de campagne de vote, de l\u2019\u00e9valuation de la coop\u00e9rative, \u2026) La r\u00e9daction de documents divers (notes d\u2019investissement, notes d\u2019information, convention de pr\u00eats, &#8230;) La gestion de la plateforme web (WordPress)\u00a0: communication, publication de documents &amp; mises \u00e0 jour L\u2019analyse de partenariats potentiels et le d\u00e9veloppement de l\u2019\u00e9cosyst\u00e8me existant. Profil Autonome, d\u00e9brouillard\u00b7e et organis\u00e9\u00b7e Esprit d\u2019initiative et proactivit\u00e9 Francophone ou n\u00e9erlandophone, avec une bonne connaissance de l\u2019autre langue (l\u2019anglais est un plus) Min. 2 ans d\u2019exp\u00e9rience en coordination ou gestion de projet Aisance avec les outils de communication, r\u00e9seaux sociaux et WordPress Capacit\u00e9s relationnelles et de communication &nbsp; Offre Un emploi, \u00e0 mi temps, au service de l\u2019action citoyenne, de la finance participative et de l\u2019\u00e9conomie de demain (circulaire et collaborative) Un horaire de travail flexible Une responsabilit\u00e9 dans le d\u00e9veloppement du Citizenfund Une grande autonomie et libert\u00e9 dans le travail \u00e0 accomplir Possibilit\u00e9 de moduler l\u2019emploi en un temps-plein Int\u00e9ress\u00e9\u00b7e\u00a0? Envoyez votre CV &amp; lettre de motivation \u00e0 info@citizenfund.coop Offre d&#8217;emploi en pdf.\" \/>\n<meta property=\"og:url\" content=\"https:\/\/members.citizenfund.coop\/le-citizenfund-recrute\/\" \/>\n<meta property=\"og:site_name\" content=\"Citizenfund\" \/>\n<meta property=\"article:publisher\" content=\"https:\/\/www.facebook.com\/citizenfund.coop\/\" \/>\n<meta property=\"article:modified_time\" content=\"2023-03-17T14:59:29+00:00\" \/>\n<meta property=\"og:image\" content=\"https:\/\/members.citizenfund.coop\/wp-content\/uploads\/2023\/03\/coordination.png\" \/>\n\t<meta property=\"og:image:width\" content=\"1080\" \/>\n\t<meta property=\"og:image:height\" content=\"1080\" \/>\n\t<meta property=\"og:image:type\" content=\"image\/png\" \/>\n<meta name=\"twitter:card\" content=\"summary_large_image\" \/>\n<meta name=\"twitter:site\" content=\"@Citizenfundcoop\" \/>\n<meta name=\"twitter:label1\" content=\"Est. reading time\" \/>\n\t<meta name=\"twitter:data1\" content=\"2 minutes\" \/>\n<script type=\"application\/ld+json\" class=\"yoast-schema-graph\">{\"@context\":\"https:\/\/schema.org\",\"@graph\":[{\"@type\":\"WebPage\",\"@id\":\"https:\/\/members.citizenfund.coop\/le-citizenfund-recrute\/\",\"url\":\"https:\/\/members.citizenfund.coop\/le-citizenfund-recrute\/\",\"name\":\"Le Citizenfund recrute &#8211; Citizenfund\",\"isPartOf\":{\"@id\":\"https:\/\/members.citizenfund.coop\/en\/#website\"},\"datePublished\":\"2023-03-17T14:56:40+00:00\",\"dateModified\":\"2023-03-17T14:59:29+00:00\",\"breadcrumb\":{\"@id\":\"https:\/\/members.citizenfund.coop\/le-citizenfund-recrute\/#breadcrumb\"},\"inLanguage\":\"en-US\",\"potentialAction\":[{\"@type\":\"ReadAction\",\"target\":[\"https:\/\/members.citizenfund.coop\/le-citizenfund-recrute\/\"]}]},{\"@type\":\"BreadcrumbList\",\"@id\":\"https:\/\/members.citizenfund.coop\/le-citizenfund-recrute\/#breadcrumb\",\"itemListElement\":[{\"@type\":\"ListItem\",\"position\":1,\"name\":\"Accueil\",\"item\":\"https:\/\/members.citizenfund.coop\/en\/\"},{\"@type\":\"ListItem\",\"position\":2,\"name\":\"Le Citizenfund recrute\"}]},{\"@type\":\"WebSite\",\"@id\":\"https:\/\/members.citizenfund.coop\/en\/#website\",\"url\":\"https:\/\/members.citizenfund.coop\/en\/\",\"name\":\"Citizenfund\",\"description\":\"Your money has an impact. Make it positive !\",\"publisher\":{\"@id\":\"https:\/\/members.citizenfund.coop\/en\/#organization\"},\"potentialAction\":[{\"@type\":\"SearchAction\",\"target\":{\"@type\":\"EntryPoint\",\"urlTemplate\":\"https:\/\/members.citizenfund.coop\/en\/?s={search_term_string}\"},\"query-input\":\"required name=search_term_string\"}],\"inLanguage\":\"en-US\"},{\"@type\":\"Organization\",\"@id\":\"https:\/\/members.citizenfund.coop\/en\/#organization\",\"name\":\"Citizenfund\",\"url\":\"https:\/\/members.citizenfund.coop\/en\/\",\"logo\":{\"@type\":\"ImageObject\",\"inLanguage\":\"en-US\",\"@id\":\"https:\/\/members.citizenfund.coop\/en\/#\/schema\/logo\/image\/\",\"url\":\"https:\/\/sandbox13.linksoftware.eu\/wp-content\/uploads\/2021\/03\/citizenfund_logo_VECT_DEF-01-couleurs.png\",\"contentUrl\":\"https:\/\/sandbox13.linksoftware.eu\/wp-content\/uploads\/2021\/03\/citizenfund_logo_VECT_DEF-01-couleurs.png\",\"width\":1905,\"height\":566,\"caption\":\"Citizenfund\"},\"image\":{\"@id\":\"https:\/\/members.citizenfund.coop\/en\/#\/schema\/logo\/image\/\"},\"sameAs\":[\"https:\/\/www.facebook.com\/citizenfund.coop\/\",\"https:\/\/x.com\/Citizenfundcoop\",\"https:\/\/www.instagram.com\/citizenfund.coop\/\",\"https:\/\/www.linkedin.com\/company\/Citizenfund\/\",\"https:\/\/www.youtube.com\/channel\/UCw0MarrqpLynFLrYSCK9ITw\"]}]}<\/script>\n<!-- \/ Yoast SEO plugin. -->","yoast_head_json":{"title":"Le Citizenfund recrute &#8211; Citizenfund","robots":{"index":"index","follow":"follow","max-snippet":"max-snippet:-1","max-image-preview":"max-image-preview:large","max-video-preview":"max-video-preview:-1"},"canonical":"https:\/\/members.citizenfund.coop\/le-citizenfund-recrute\/","og_locale":"en_US","og_type":"article","og_title":"Le Citizenfund recrute &#8211; Citizenfund","og_description":"OFFRE D\u2019EMPLOI COORDINATION &amp; GESTION DE PROJET Le Citizenfund est une coop\u00e9rative citoyenne d\u2019investissement qui met la finance au service de la transition. Nous finan\u00e7ons d\u2019ambitieux projets entrepreneuriaux \u00e0 impact social et environnemental \u00e0 l\u2019aide d\u2019\u00e9pargne priv\u00e9e. &nbsp; Infos pratiques Fonction : coordinateur\u00b7rice de projet Type de contrat : CDI D\u00e9marrage : imm\u00e9diat Dur\u00e9e du temps de travail : mi-temps (temps plein modulable) Lieu de travail\u00a0: Watermael-Boitsfort (Bruxelles) &nbsp; Mission Vous assurez la croissance et le d\u00e9veloppement de Citizenfund, et r\u00e9aliserez notamment\u00a0: Le d\u00e9marchage de nouveaux coop\u00e9rateurs (appel public \u00e0 l\u2019\u00e9pargne), particuliers et soci\u00e9t\u00e9s Le suivi administratif des coop\u00e9rateurs La gestion des dossiers de financement (analyse des dossiers de pr\u00e9sentation et des plans de financement, r\u00e9unions, investissements) La gestion de la gouvernance de Citizenfund (organisation de comit\u00e9s, d\u2019\u00e9v\u00e9nements promotionnels, de campagne de vote, de l\u2019\u00e9valuation de la coop\u00e9rative, \u2026) La r\u00e9daction de documents divers (notes d\u2019investissement, notes d\u2019information, convention de pr\u00eats, &#8230;) La gestion de la plateforme web (WordPress)\u00a0: communication, publication de documents &amp; mises \u00e0 jour L\u2019analyse de partenariats potentiels et le d\u00e9veloppement de l\u2019\u00e9cosyst\u00e8me existant. Profil Autonome, d\u00e9brouillard\u00b7e et organis\u00e9\u00b7e Esprit d\u2019initiative et proactivit\u00e9 Francophone ou n\u00e9erlandophone, avec une bonne connaissance de l\u2019autre langue (l\u2019anglais est un plus) Min. 2 ans d\u2019exp\u00e9rience en coordination ou gestion de projet Aisance avec les outils de communication, r\u00e9seaux sociaux et WordPress Capacit\u00e9s relationnelles et de communication &nbsp; Offre Un emploi, \u00e0 mi temps, au service de l\u2019action citoyenne, de la finance participative et de l\u2019\u00e9conomie de demain (circulaire et collaborative) Un horaire de travail flexible Une responsabilit\u00e9 dans le d\u00e9veloppement du Citizenfund Une grande autonomie et libert\u00e9 dans le travail \u00e0 accomplir Possibilit\u00e9 de moduler l\u2019emploi en un temps-plein Int\u00e9ress\u00e9\u00b7e\u00a0? Envoyez votre CV &amp; lettre de motivation \u00e0 info@citizenfund.coop Offre d&#8217;emploi en pdf.","og_url":"https:\/\/members.citizenfund.coop\/le-citizenfund-recrute\/","og_site_name":"Citizenfund","article_publisher":"https:\/\/www.facebook.com\/citizenfund.coop\/","article_modified_time":"2023-03-17T14:59:29+00:00","og_image":[{"width":1080,"height":1080,"url":"https:\/\/members.citizenfund.coop\/wp-content\/uploads\/2023\/03\/coordination.png","type":"image\/png"}],"twitter_card":"summary_large_image","twitter_site":"@Citizenfundcoop","twitter_misc":{"Est. reading time":"2 minutes"},"schema":{"@context":"https:\/\/schema.org","@graph":[{"@type":"WebPage","@id":"https:\/\/members.citizenfund.coop\/le-citizenfund-recrute\/","url":"https:\/\/members.citizenfund.coop\/le-citizenfund-recrute\/","name":"Le Citizenfund recrute &#8211; Citizenfund","isPartOf":{"@id":"https:\/\/members.citizenfund.coop\/en\/#website"},"datePublished":"2023-03-17T14:56:40+00:00","dateModified":"2023-03-17T14:59:29+00:00","breadcrumb":{"@id":"https:\/\/members.citizenfund.coop\/le-citizenfund-recrute\/#breadcrumb"},"inLanguage":"en-US","potentialAction":[{"@type":"ReadAction","target":["https:\/\/members.citizenfund.coop\/le-citizenfund-recrute\/"]}]},{"@type":"BreadcrumbList","@id":"https:\/\/members.citizenfund.coop\/le-citizenfund-recrute\/#breadcrumb","itemListElement":[{"@type":"ListItem","position":1,"name":"Accueil","item":"https:\/\/members.citizenfund.coop\/en\/"},{"@type":"ListItem","position":2,"name":"Le Citizenfund recrute"}]},{"@type":"WebSite","@id":"https:\/\/members.citizenfund.coop\/en\/#website","url":"https:\/\/members.citizenfund.coop\/en\/","name":"Citizenfund","description":"Your money has an impact. Make it positive !","publisher":{"@id":"https:\/\/members.citizenfund.coop\/en\/#organization"},"potentialAction":[{"@type":"SearchAction","target":{"@type":"EntryPoint","urlTemplate":"https:\/\/members.citizenfund.coop\/en\/?s={search_term_string}"},"query-input":"required name=search_term_string"}],"inLanguage":"en-US"},{"@type":"Organization","@id":"https:\/\/members.citizenfund.coop\/en\/#organization","name":"Citizenfund","url":"https:\/\/members.citizenfund.coop\/en\/","logo":{"@type":"ImageObject","inLanguage":"en-US","@id":"https:\/\/members.citizenfund.coop\/en\/#\/schema\/logo\/image\/","url":"https:\/\/sandbox13.linksoftware.eu\/wp-content\/uploads\/2021\/03\/citizenfund_logo_VECT_DEF-01-couleurs.png","contentUrl":"https:\/\/sandbox13.linksoftware.eu\/wp-content\/uploads\/2021\/03\/citizenfund_logo_VECT_DEF-01-couleurs.png","width":1905,"height":566,"caption":"Citizenfund"},"image":{"@id":"https:\/\/members.citizenfund.coop\/en\/#\/schema\/logo\/image\/"},"sameAs":["https:\/\/www.facebook.com\/citizenfund.coop\/","https:\/\/x.com\/Citizenfundcoop","https:\/\/www.instagram.com\/citizenfund.coop\/","https:\/\/www.linkedin.com\/company\/Citizenfund\/","https:\/\/www.youtube.com\/channel\/UCw0MarrqpLynFLrYSCK9ITw"]}]}},"_links":{"self":[{"href":"https:\/\/members.citizenfund.coop\/en\/wp-json\/wp\/v2\/pages\/7332"}],"collection":[{"href":"https:\/\/members.citizenfund.coop\/en\/wp-json\/wp\/v2\/pages"}],"about":[{"href":"https:\/\/members.citizenfund.coop\/en\/wp-json\/wp\/v2\/types\/page"}],"author":[{"embeddable":true,"href":"https:\/\/members.citizenfund.coop\/en\/wp-json\/wp\/v2\/users\/977"}],"replies":[{"embeddable":true,"href":"https:\/\/members.citizenfund.coop\/en\/wp-json\/wp\/v2\/comments?post=7332"}],"version-history":[{"count":4,"href":"https:\/\/members.citizenfund.coop\/en\/wp-json\/wp\/v2\/pages\/7332\/revisions"}],"predecessor-version":[{"id":7340,"href":"https:\/\/members.citizenfund.coop\/en\/wp-json\/wp\/v2\/pages\/7332\/revisions\/7340"}],"wp:attachment":[{"href":"https:\/\/members.citizenfund.coop\/en\/wp-json\/wp\/v2\/media?parent=7332"}],"curies":[{"name":"wp","href":"https:\/\/api.w.org\/{rel}","templated":true}]}}